{"id":45212,"date":"2022-01-20T19:47:42","date_gmt":"2022-01-20T19:47:42","guid":{"rendered":"https:\/\/www.sandersfeld-staplerservice.de\/?page_id=45212"},"modified":"2025-02-05T11:07:38","modified_gmt":"2025-02-05T11:07:38","slug":"agb","status":"publish","type":"page","link":"https:\/\/www.sandersfeld-staplerservice.de\/?page_id=45212","title":{"rendered":"AGB"},"content":{"rendered":"\n<p class=\"has-medium-font-size\">Mietbedingungen f\u00fcr Gabelstapler, Hebeb\u00fchnen und andere Baumaschinen<\/p>\n\n\n\n<p>Der Mieter hat sich vor Inbetriebnahme von dem ordnungsgem\u00e4\u00dfen Zustand des Mietobjektes zu \u00fcberzeugen. Festgestellte M\u00e4ngel sind dem Vermieter sofort anzuzeigen. Sp\u00e4tere Beanstandungen haben keine Rechtswirksamkeit auf diesen Vertrag.<\/p>\n\n\n\n<p>Der Mieter ist verpflichtet, das Mietobjekt pfleglich zu behandeln, es in einem sauberen und ordnungsgem\u00e4\u00dfen Zustand zu halten und nur bis zur Grenze der auf dem Tragf\u00e4higkeitsschild angegebenen Belastbarkeit zu betreiben. Ma\u00dfgebliche Vorschriften und technische Regeln sind bei der Benutzung des Mietobjekts zu beachten.<\/p>\n\n\n\n<p>Es d\u00fcrfen nur Fahrer mit einem g\u00fcltigen Fahrerausweis f\u00fcr Gabelstapler oder Hebeb\u00fchnen das Mietobjekt bedienen.<\/p>\n\n\n\n<p>Das Mietger\u00e4t ist nicht versichert. Der Mieter tr\u00e4gt vom Beginn der Anlieferung bis zur R\u00fcckgabe an den Vermieter die Sach- und Betriebsgefahr des Mietobjektes.<\/p>\n\n\n\n<p>Der Mieter verpflichtet sich das Mietger\u00e4t zugunsten der Sandersfeld Staplerservice GmbH auf Brand, Diebstahl und Maschinenbruch zu versichern. Dies entf\u00e4llt bei Abschluss einer Maschinenbruchversicherung. Halter des Mietger\u00e4ts ist der Mieter.<\/p>\n\n\n\n<p>Bei Unf\u00e4llen wird der Vermieter sofort \u00fcber alle Einzelheiten schriftlich unter Vorlage einer Skizze vom Mieter unterrichtet. Brand oder Entwendungsschaden sind vom Mieter und Vermieter sowie der zust\u00e4ndigen Polizeibeh\u00f6rde direkt anzuzeigen.<\/p>\n\n\n\n<p>Der Mieter haftet f\u00fcr von ihm zu vertretende Sch\u00e4den, die an dem Mietger\u00e4t durch Missachtung folgender Pflichten entstehen:<\/p>\n\n\n\n<p>-bei einem batteriebetriebenen Mietobjekt m\u00fcssen die Richtlinien der Batterie- und Ladeger\u00e4tehersteller beachtet werden. Der Mieter stellt auf seine Kosten vor Beginn jeder Arbeitsschicht sicher, dass<\/p>\n\n\n\n<p>a) der Batterieelektrolytstand kontrolliert und erg\u00e4nzt wird<\/p>\n\n\n\n<p>b) die Batterieoberfl\u00e4che gereinigt ist<\/p>\n\n\n\n<p>c) der Mindest-Ladezustand der Batterie nicht unterschritten wird<\/p>\n\n\n\n<p>d) Sichtkontrolle bei Super-Elastik-Bereifung bzw. Bandagen<\/p>\n\n\n\n<p>e) sofern nicht anders vereinbart: regelm\u00e4\u00dfige Bef\u00fcllung der Batterie mit demineralisiertem Wasser<\/p>\n\n\n\n<p>-bei einem verbrennungsmotorischen Mietobjekt muss die Pflege gem\u00e4\u00df Bedienungsanleitung \u00fcberwacht und auf Kosten des Mieters vor Beginn jeder Arbeitsschicht ausgef\u00fchrt werden:<\/p>\n\n\n\n<p>a) Kontrolle der Fl\u00fcssigkeiten, ggfs. mit Erg\u00e4nzung (\u00d6le, Fette, Wasser)<\/p>\n\n\n\n<p>b) Kontrolle des Reifenluftdrucks bei Luftbereifung<\/p>\n\n\n\n<p>c) Sichtkontrolle bei Super-Elastik-Bereifung bzw. Bandagen<\/p>\n\n\n\n<p>(sollten sich hier Abweichungen zu Herstellerangaben ergeben, so ist der Vermieter sofort zu benachrichtigen)<\/p>\n\n\n\n<p>Der t\u00e4gliche Einsatz des Mietobjektes ist auf 1 Arbeitsschicht (8 Std. t\u00e4glich) begrenzt. Der genannte Mietpreis erh\u00f6ht sich bei 2 Arbeitsschichten (16 Std. t\u00e4glich) um 50%, bei 3 Arbeitsschichten (24 Std. t\u00e4glich) um 100%. Anbauger\u00e4te gegen Mehrpreis auf Anfrage.<\/p>\n\n\n\n<p>Bei langfristiger Miete ist der Mieter verpflichtet alle erforderlichen Inspektionen durch den Kundendienst des Vermieters durchf\u00fchren zu lassen. Folgende Inspektionsintervalle sind auf Kosten des Mieters einzuhalten:<\/p>\n\n\n\n<p>Bei 1 Arbeitsschicht \u00bc j\u00e4hrlich, bei 2 Arbeitsschichten alle 2 Monate, bei 3 Arbeitsschichten jeden Monat.<\/p>\n\n\n\n<p>Nach Ablauf der Mietzeit ist das Mietobjekt in einem ordnungsgem\u00e4\u00dfen und gereinigten Zustand vom Mieter zur\u00fcckzuliefern. Falls dieses nicht erfolgt, werden die Kosten hierf\u00fcr je nach Aufwand in Rechnung gestellt. Die Mietzeit endet nach schriftlicher Abmeldung vom Mieter am darauffolgenden Kalendertag.<\/p>\n\n\n\n<p>Eine Unter- und Weitervermietung des Mietger\u00e4ts ist nur nach Absprache und Zustimmung des Vermieters zul\u00e4ssig.<\/p>\n\n\n\n<p>F\u00fcr den Mietvertrag ist die Schriftform vereinbart. M\u00fcndliche Nebenabreden bestehen nicht. Sofern einzelne Klauseln unwirksam sind, bleiben die \u00fcbrigen Bestimmungen dieses Vertrages unber\u00fchrt. Die Parteien sind verpflichtet, anstatt der unwirksamen Klausel rechtsg\u00fcltige Bestimmungen zu treffen, die den gewollten wirtschaftlichen und rechtlichen Zweck der Ung\u00fcltigen entsprechen.<\/p>\n\n\n\n<p>Erg\u00e4nzungen und Ab\u00e4nderungen dieses Vertrages haben nur G\u00fcltigkeit, wenn sie schriftlich festgelegt werden. Erf\u00fcllungsort und Gerichtsstand f\u00fcr alle aus diesem Vertragsverh\u00e4ltnis sich unmittelbar ergebenden Streitigkeiten ist 49716 Meppen.<\/p>\n\n\n\n<p>Weitere Klauseln entnehmen Sie unseren Mietauslieferungsprotokollen. Diese sind ebenfalls Rechtsgrundlage.<\/p>\n\n\n\n<p>Papenburg, Dezember 2021<\/p>\n\n\n\n<p><\/p>\n","protected":false},"excerpt":{"rendered":"<p>Mietbedingungen f\u00fcr Gabelstapler, Hebeb\u00fchnen und andere Baumaschinen Der Mieter hat sich vor Inbetriebnahme von dem ordnungsgem\u00e4\u00dfen Zustand des Mietobjektes zu \u00fcberzeugen. Festgestellte M\u00e4ngel sind dem Vermieter sofort anzuzeigen. Sp\u00e4tere Beanstandungen haben keine Rechtswirksamkeit auf diesen Vertrag. Der Mieter ist verpflichtet, das Mietobjekt pfleglich zu behandeln, es in einem sauberen und ordnungsgem\u00e4\u00dfen Zustand zu halten und&hellip; <br \/> <a class=\"read-more\" href=\"https:\/\/www.sandersfeld-staplerservice.de\/?page_id=45212\">Weiterlesen<\/a><\/p>\n","protected":false},"author":1,"featured_media":0,"parent":0,"menu_order":0,"comment_status":"closed","ping_status":"closed","template":"","meta":{"footnotes":""},"_links":{"self":[{"href":"https:\/\/www.sandersfeld-staplerservice.de\/index.php?rest_route=\/wp\/v2\/pages\/45212"}],"collection":[{"href":"https:\/\/www.sandersfeld-staplerservice.de\/index.php?rest_route=\/wp\/v2\/pages"}],"about":[{"href":"https:\/\/www.sandersfeld-staplerservice.de\/index.php?rest_route=\/wp\/v2\/types\/page"}],"author":[{"embeddable":true,"href":"https:\/\/www.sandersfeld-staplerservice.de\/index.php?rest_route=\/wp\/v2\/users\/1"}],"replies":[{"embeddable":true,"href":"https:\/\/www.sandersfeld-staplerservice.de\/index.php?rest_route=%2Fwp%2Fv2%2Fcomments&post=45212"}],"version-history":[{"count":4,"href":"https:\/\/www.sandersfeld-staplerservice.de\/index.php?rest_route=\/wp\/v2\/pages\/45212\/revisions"}],"predecessor-version":[{"id":54290,"href":"https:\/\/www.sandersfeld-staplerservice.de\/index.php?rest_route=\/wp\/v2\/pages\/45212\/revisions\/54290"}],"wp:attachment":[{"href":"https:\/\/www.sandersfeld-staplerservice.de\/index.php?rest_route=%2Fwp%2Fv2%2Fmedia&parent=45212"}],"curies":[{"name":"wp","href":"https:\/\/api.w.org\/{rel}","templated":true}]}}